{"id":2303,"date":"2023-03-29T14:43:28","date_gmt":"2023-03-29T14:43:28","guid":{"rendered":"https:\/\/quirky-jang.3-97-51-150.plesk.page\/?page_id=2303"},"modified":"2023-03-30T03:08:33","modified_gmt":"2023-03-30T03:08:33","slug":"support","status":"publish","type":"page","link":"https:\/\/shippayless.com\/en\/support\/","title":{"rendered":"Support"},"content":{"rendered":"<div data-elementor-type=\"wp-page\" data-elementor-id=\"2303\" class=\"elementor elementor-2303\" data-elementor-post-type=\"page\">\n\t\t\t\t\t\t<section class=\"elementor-section elementor-top-section elementor-element elementor-element-27f3985 elementor-section-full_width elementor-section-height-default elementor-section-height-default\" data-id=\"27f3985\" data-element_type=\"section\" data-e-type=\"section\">\n\t\t\t\t\t\t<div class=\"elementor-container elementor-column-gap-no\">\n\t\t\t\t\t<div class=\"elementor-column elementor-col-100 elementor-top-column elementor-element elementor-element-35da1a7\" data-id=\"35da1a7\" data-element_type=\"column\" data-e-type=\"column\">\n\t\t\t<div class=\"elementor-widget-wrap elementor-element-populated\">\n\t\t\t\t\t\t<div class=\"elementor-element elementor-element-e9d46dc elementor-widget elementor-widget-template\" data-id=\"e9d46dc\" data-element_type=\"widget\" data-e-type=\"widget\" data-widget_type=\"template.default\">\n\t\t\t\t<div class=\"elementor-widget-container\">\n\t\t\t\t\t\t\t<div class=\"elementor-template\">\n\t\t\t\t\t<div data-elementor-type=\"section\" data-elementor-id=\"2100\" class=\"elementor elementor-2100\" data-elementor-post-type=\"elementor_library\">\n\t\t\t\t\t<section class=\"elementor-section elementor-top-section elementor-element elementor-element-0f78d6f elementor-section-height-min-height elementor-section-content-middle elementor-section-boxed elementor-section-height-default elementor-section-items-middle\" data-id=\"0f78d6f\" data-element_type=\"section\" data-e-type=\"section\">\n\t\t\t\t\t\t\t<div class=\"elementor-background-overlay\"><\/div>\n\t\t\t\t\t\t\t<div class=\"elementor-container elementor-column-gap-default\">\n\t\t\t\t\t<div class=\"elementor-column elementor-col-100 elementor-top-column elementor-element elementor-element-53354d5\" data-id=\"53354d5\" data-element_type=\"column\" data-e-type=\"column\" data-settings=\"{&quot;background_background&quot;:&quot;classic&quot;}\">\n\t\t\t<div class=\"elementor-widget-wrap elementor-element-populated\">\n\t\t\t\t\t\t<div class=\"elementor-element elementor-element-3d0de6e elementor-widget elementor-widget-text-editor\" data-id=\"3d0de6e\" data-element_type=\"widget\" data-e-type=\"widget\" data-widget_type=\"text-editor.default\">\n\t\t\t\t<div class=\"elementor-widget-container\">\n\t\t\t\t\t\t\t\t\t<b style=\"font-size:50px\">E-Commerce<\/b>\t\t\t\t\t\t\t\t<\/div>\n\t\t\t\t<\/div>\n\t\t\t\t<div class=\"elementor-element elementor-element-a0f6a7b elementor-absolute elementor-widget__width-initial elementor-widget elementor-widget-image\" data-id=\"a0f6a7b\" data-element_type=\"widget\" data-e-type=\"widget\" data-settings=\"{&quot;_position&quot;:&quot;absolute&quot;}\" data-widget_type=\"image.default\">\n\t\t\t\t<div class=\"elementor-widget-container\">\n\t\t\t\t\t\t\t\t\t\t\t\t\t\t\t<img decoding=\"async\" width=\"155\" height=\"119\" src=\"https:\/\/shippayless.com\/wp-content\/uploads\/2023\/03\/Group-31875.png\" class=\"attachment-full size-full wp-image-1932\" alt=\"\" srcset=\"https:\/\/shippayless.com\/wp-content\/uploads\/2023\/03\/Group-31875.png 155w, https:\/\/shippayless.com\/wp-content\/uploads\/2023\/03\/Group-31875-16x12.png 16w\" sizes=\"(max-width: 155px) 100vw, 155px\" \/>\t\t\t\t\t\t\t\t\t\t\t\t\t\t\t<\/div>\n\t\t\t\t<\/div>\n\t\t\t\t\t<\/div>\n\t\t<\/div>\n\t\t\t\t\t<\/div>\n\t\t<\/section>\n\t\t\t\t<\/div>\n\t\t\t\t<\/div>\n\t\t\t\t\t\t<\/div>\n\t\t\t\t<\/div>\n\t\t\t\t\t<\/div>\n\t\t<\/div>\n\t\t\t\t\t<\/div>\n\t\t<\/section>\n\t\t\t\t<section class=\"elementor-section elementor-top-section elementor-element elementor-element-50072ee elementor-section-content-middle elementor-section-boxed elementor-section-height-default elementor-section-height-default\" data-id=\"50072ee\" data-element_type=\"section\" data-e-type=\"section\" data-settings=\"{&quot;background_background&quot;:&quot;classic&quot;}\">\n\t\t\t\t\t\t<div class=\"elementor-container elementor-column-gap-default\">\n\t\t\t\t\t<div class=\"elementor-column elementor-col-100 elementor-top-column elementor-element elementor-element-b508ba0\" data-id=\"b508ba0\" data-element_type=\"column\" data-e-type=\"column\">\n\t\t\t<div class=\"elementor-widget-wrap elementor-element-populated\">\n\t\t\t\t\t\t<div class=\"elementor-element elementor-element-d19ee94 elementor-widget elementor-widget-text-editor\" data-id=\"d19ee94\" data-element_type=\"widget\" data-e-type=\"widget\" data-widget_type=\"text-editor.default\">\n\t\t\t\t<div class=\"elementor-widget-container\">\n\t\t\t\t\t\t\t\t\t<p><span style=\"white-space: pre-wrap;\">ShipPayLess Help Center<\/span><\/p>\t\t\t\t\t\t\t\t<\/div>\n\t\t\t\t<\/div>\n\t\t\t\t\t<\/div>\n\t\t<\/div>\n\t\t\t\t\t<\/div>\n\t\t<\/section>\n\t\t\t\t<\/div>","protected":false},"excerpt":{"rendered":"<p>Centre d\u2019aide ShipPayLess D\u00e9buter Qu&rsquo;est-ce que ShipPayLess? ShipPayLess est une plateforme compl\u00e8te d&rsquo;exp\u00e9dition o\u00f9 vous pouvez g\u00e9rer et traiter toutes vos exp\u00e9ditions en un seul endroit facile d&rsquo;acc\u00e8s. Les outils conviviaux de ShipPayLess facilitent le traitement et la gestion des exp\u00e9ditions, vous laissant libre de vous concentrer sur votre entreprise. Vous pouvez obtenir des tarifs, [&hellip;]<\/p>\n","protected":false},"author":4,"featured_media":0,"parent":0,"menu_order":0,"comment_status":"closed","ping_status":"closed","template":"","meta":{"footnotes":""},"class_list":["post-2303","page","type-page","status-publish","hentry"],"yoast_head":"<!-- This site is optimized with the Yoast SEO plugin v25.0 - https:\/\/yoast.com\/wordpress\/plugins\/seo\/ -->\n<title>Support - ShipPayLess<\/title>\n<meta name=\"robots\" content=\"index, follow, max-snippet:-1, max-image-preview:large, max-video-preview:-1\" \/>\n<link rel=\"canonical\" href=\"https:\/\/shippayless.com\/en\/support\/\" \/>\n<meta property=\"og:locale\" content=\"en_US\" \/>\n<meta property=\"og:type\" content=\"article\" \/>\n<meta property=\"og:title\" content=\"Support - ShipPayLess\" \/>\n<meta property=\"og:description\" content=\"Centre d\u2019aide ShipPayLess D\u00e9buter Qu&rsquo;est-ce que ShipPayLess? ShipPayLess est une plateforme compl\u00e8te d&rsquo;exp\u00e9dition o\u00f9 vous pouvez g\u00e9rer et traiter toutes vos exp\u00e9ditions en un seul endroit facile d&rsquo;acc\u00e8s. Les outils conviviaux de ShipPayLess facilitent le traitement et la gestion des exp\u00e9ditions, vous laissant libre de vous concentrer sur votre entreprise. Vous pouvez obtenir des tarifs, [&hellip;]\" \/>\n<meta property=\"og:url\" content=\"https:\/\/shippayless.com\/en\/support\/\" \/>\n<meta property=\"og:site_name\" content=\"ShipPayLess\" \/>\n<meta property=\"article:publisher\" content=\"https:\/\/web.facebook.com\/shippayless\/\" \/>\n<meta property=\"article:modified_time\" content=\"2023-03-30T03:08:33+00:00\" \/>\n<meta name=\"twitter:card\" content=\"summary_large_image\" \/>\n<meta name=\"twitter:label1\" content=\"Est. reading time\" \/>\n\t<meta name=\"twitter:data1\" content=\"6 minutes\" \/>\n<script type=\"application\/ld+json\" class=\"yoast-schema-graph\">{\"@context\":\"https:\/\/schema.org\",\"@graph\":[{\"@type\":\"WebPage\",\"@id\":\"https:\/\/shippayless.com\/support\/\",\"url\":\"https:\/\/shippayless.com\/support\/\",\"name\":\"Support - ShipPayLess\",\"isPartOf\":{\"@id\":\"https:\/\/shippayless.com\/#website\"},\"datePublished\":\"2023-03-29T14:43:28+00:00\",\"dateModified\":\"2023-03-30T03:08:33+00:00\",\"breadcrumb\":{\"@id\":\"https:\/\/shippayless.com\/support\/#breadcrumb\"},\"inLanguage\":\"en-CA\",\"potentialAction\":[{\"@type\":\"ReadAction\",\"target\":[\"https:\/\/shippayless.com\/support\/\"]}]},{\"@type\":\"BreadcrumbList\",\"@id\":\"https:\/\/shippayless.com\/support\/#breadcrumb\",\"itemListElement\":[{\"@type\":\"ListItem\",\"position\":1,\"name\":\"Home\",\"item\":\"https:\/\/shippayless.com\/\"},{\"@type\":\"ListItem\",\"position\":2,\"name\":\"Support\"}]},{\"@type\":\"WebSite\",\"@id\":\"https:\/\/shippayless.com\/#website\",\"url\":\"https:\/\/shippayless.com\/\",\"name\":\"ShipPayLess\",\"description\":\"\",\"publisher\":{\"@id\":\"https:\/\/shippayless.com\/#organization\"},\"potentialAction\":[{\"@type\":\"SearchAction\",\"target\":{\"@type\":\"EntryPoint\",\"urlTemplate\":\"https:\/\/shippayless.com\/?s={search_term_string}\"},\"query-input\":{\"@type\":\"PropertyValueSpecification\",\"valueRequired\":true,\"valueName\":\"search_term_string\"}}],\"inLanguage\":\"en-CA\"},{\"@type\":\"Organization\",\"@id\":\"https:\/\/shippayless.com\/#organization\",\"name\":\"ShipPayLess\",\"url\":\"https:\/\/shippayless.com\/\",\"logo\":{\"@type\":\"ImageObject\",\"inLanguage\":\"en-CA\",\"@id\":\"https:\/\/shippayless.com\/#\/schema\/logo\/image\/\",\"url\":\"https:\/\/shippayless.com\/wp-content\/uploads\/2024\/09\/shippayless.png\",\"contentUrl\":\"https:\/\/shippayless.com\/wp-content\/uploads\/2024\/09\/shippayless.png\",\"width\":2500,\"height\":2500,\"caption\":\"ShipPayLess\"},\"image\":{\"@id\":\"https:\/\/shippayless.com\/#\/schema\/logo\/image\/\"},\"sameAs\":[\"https:\/\/web.facebook.com\/shippayless\/\",\"https:\/\/www.linkedin.com\/company\/shippayless\/\",\"https:\/\/www.instagram.com\/shippayless\/\"]}]}<\/script>\n<!-- \/ Yoast SEO plugin. -->","yoast_head_json":{"title":"Support - ShipPayLess","robots":{"index":"index","follow":"follow","max-snippet":"max-snippet:-1","max-image-preview":"max-image-preview:large","max-video-preview":"max-video-preview:-1"},"canonical":"https:\/\/shippayless.com\/en\/support\/","og_locale":"en_US","og_type":"article","og_title":"Support - ShipPayLess","og_description":"Centre d\u2019aide ShipPayLess D\u00e9buter Qu&rsquo;est-ce que ShipPayLess? ShipPayLess est une plateforme compl\u00e8te d&rsquo;exp\u00e9dition o\u00f9 vous pouvez g\u00e9rer et traiter toutes vos exp\u00e9ditions en un seul endroit facile d&rsquo;acc\u00e8s. Les outils conviviaux de ShipPayLess facilitent le traitement et la gestion des exp\u00e9ditions, vous laissant libre de vous concentrer sur votre entreprise. Vous pouvez obtenir des tarifs, [&hellip;]","og_url":"https:\/\/shippayless.com\/en\/support\/","og_site_name":"ShipPayLess","article_publisher":"https:\/\/web.facebook.com\/shippayless\/","article_modified_time":"2023-03-30T03:08:33+00:00","twitter_card":"summary_large_image","twitter_misc":{"Est. reading time":"6 minutes"},"schema":{"@context":"https:\/\/schema.org","@graph":[{"@type":"WebPage","@id":"https:\/\/shippayless.com\/support\/","url":"https:\/\/shippayless.com\/support\/","name":"Support - ShipPayLess","isPartOf":{"@id":"https:\/\/shippayless.com\/#website"},"datePublished":"2023-03-29T14:43:28+00:00","dateModified":"2023-03-30T03:08:33+00:00","breadcrumb":{"@id":"https:\/\/shippayless.com\/support\/#breadcrumb"},"inLanguage":"en-CA","potentialAction":[{"@type":"ReadAction","target":["https:\/\/shippayless.com\/support\/"]}]},{"@type":"BreadcrumbList","@id":"https:\/\/shippayless.com\/support\/#breadcrumb","itemListElement":[{"@type":"ListItem","position":1,"name":"Home","item":"https:\/\/shippayless.com\/"},{"@type":"ListItem","position":2,"name":"Support"}]},{"@type":"WebSite","@id":"https:\/\/shippayless.com\/#website","url":"https:\/\/shippayless.com\/","name":"ShipPayLess","description":"","publisher":{"@id":"https:\/\/shippayless.com\/#organization"},"potentialAction":[{"@type":"SearchAction","target":{"@type":"EntryPoint","urlTemplate":"https:\/\/shippayless.com\/?s={search_term_string}"},"query-input":{"@type":"PropertyValueSpecification","valueRequired":true,"valueName":"search_term_string"}}],"inLanguage":"en-CA"},{"@type":"Organization","@id":"https:\/\/shippayless.com\/#organization","name":"ShipPayLess","url":"https:\/\/shippayless.com\/","logo":{"@type":"ImageObject","inLanguage":"en-CA","@id":"https:\/\/shippayless.com\/#\/schema\/logo\/image\/","url":"https:\/\/shippayless.com\/wp-content\/uploads\/2024\/09\/shippayless.png","contentUrl":"https:\/\/shippayless.com\/wp-content\/uploads\/2024\/09\/shippayless.png","width":2500,"height":2500,"caption":"ShipPayLess"},"image":{"@id":"https:\/\/shippayless.com\/#\/schema\/logo\/image\/"},"sameAs":["https:\/\/web.facebook.com\/shippayless\/","https:\/\/www.linkedin.com\/company\/shippayless\/","https:\/\/www.instagram.com\/shippayless\/"]}]}},"_links":{"self":[{"href":"https:\/\/shippayless.com\/en\/wp-json\/wp\/v2\/pages\/2303","targetHints":{"allow":["GET"]}}],"collection":[{"href":"https:\/\/shippayless.com\/en\/wp-json\/wp\/v2\/pages"}],"about":[{"href":"https:\/\/shippayless.com\/en\/wp-json\/wp\/v2\/types\/page"}],"author":[{"embeddable":true,"href":"https:\/\/shippayless.com\/en\/wp-json\/wp\/v2\/users\/4"}],"replies":[{"embeddable":true,"href":"https:\/\/shippayless.com\/en\/wp-json\/wp\/v2\/comments?post=2303"}],"version-history":[{"count":28,"href":"https:\/\/shippayless.com\/en\/wp-json\/wp\/v2\/pages\/2303\/revisions"}],"predecessor-version":[{"id":2404,"href":"https:\/\/shippayless.com\/en\/wp-json\/wp\/v2\/pages\/2303\/revisions\/2404"}],"wp:attachment":[{"href":"https:\/\/shippayless.com\/en\/wp-json\/wp\/v2\/media?parent=2303"}],"curies":[{"name":"wp","href":"https:\/\/api.w.org\/{rel}","templated":true}]}}